{"id":106,"date":"2019-09-01T07:01:02","date_gmt":"2019-09-01T06:01:02","guid":{"rendered":"http:\/\/www.stadlauerkirtag.at\/?page_id=106"},"modified":"2022-06-10T19:30:23","modified_gmt":"2022-06-10T18:30:23","slug":"infos-fur-aussteller-2013","status":"publish","type":"page","link":"https:\/\/www.stadlauerkirtag.at\/?page_id=106","title":{"rendered":"Infos"},"content":{"rendered":"<p>Wir bieten Ausstellern und Standlern die Gelegenheit, drei Tage auf <span style=\"color: #ff9900;\">Wiens gr\u00f6\u00dftem Kirtag<\/span> ihre Waren und Angebote anzubieten.<\/p>\n<p>F\u00fcr n\u00e4here Informationen kontaktieren Sie uns per<strong>&nbsp;<a href=\"http:\/\/www.stadlauerkirtag.at\/?page_id=17\">Kontaktformular<\/a><\/strong>, per E-Mail (stadlauerkirtag@gmail.com) oder pers\u00f6nlich unter der Tel.: 01 203 11 88<\/p>\n","protected":false},"excerpt":{"rendered":"<p>Wir bieten Ausstellern und Standlern die Gelegenheit, drei Tage auf Wiens gr\u00f6\u00dftem Kirtag ihre Waren und Angebote anzubieten. F\u00fcr n\u00e4here Informationen kontaktieren Sie uns per&nbsp;Kontaktformular, per E-Mail (stadlauerkirtag@gmail.com) oder pers\u00f6nlich unter der Tel.: 01 203 11 88<\/p>\n","protected":false},"author":2,"featured_media":0,"parent":0,"menu_order":3,"comment_status":"closed","ping_status":"closed","template":"","meta":{"jetpack_post_was_ever_published":false,"footnotes":""},"class_list":["post-106","page","type-page","status-publish","hentry"],"blocksy_meta":[],"jetpack_shortlink":"https:\/\/wp.me\/P3VWpX-1I","jetpack_sharing_enabled":true,"_links":{"self":[{"href":"https:\/\/www.stadlauerkirtag.at\/index.php?rest_route=\/wp\/v2\/pages\/106","targetHints":{"allow":["GET"]}}],"collection":[{"href":"https:\/\/www.stadlauerkirtag.at\/index.php?rest_route=\/wp\/v2\/pages"}],"about":[{"href":"https:\/\/www.stadlauerkirtag.at\/index.php?rest_route=\/wp\/v2\/types\/page"}],"author":[{"embeddable":true,"href":"https:\/\/www.stadlauerkirtag.at\/index.php?rest_route=\/wp\/v2\/users\/2"}],"replies":[{"embeddable":true,"href":"https:\/\/www.stadlauerkirtag.at\/index.php?rest_route=%2Fwp%2Fv2%2Fcomments&post=106"}],"version-history":[{"count":17,"href":"https:\/\/www.stadlauerkirtag.at\/index.php?rest_route=\/wp\/v2\/pages\/106\/revisions"}],"predecessor-version":[{"id":732,"href":"https:\/\/www.stadlauerkirtag.at\/index.php?rest_route=\/wp\/v2\/pages\/106\/revisions\/732"}],"wp:attachment":[{"href":"https:\/\/www.stadlauerkirtag.at\/index.php?rest_route=%2Fwp%2Fv2%2Fmedia&parent=106"}],"curies":[{"name":"wp","href":"https:\/\/api.w.org\/{rel}","templated":true}]}}